{"id":236,"date":"2026-01-07T09:16:43","date_gmt":"2026-01-07T09:16:43","guid":{"rendered":"https:\/\/decocarpi.com\/?page_id=236"},"modified":"2026-01-07T09:20:14","modified_gmt":"2026-01-07T09:20:14","slug":"politica-de-cookies","status":"publish","type":"page","link":"https:\/\/decocarpi.com\/ca\/politica-de-cookies\/","title":{"rendered":"Pol\u00edtica de cookies"},"content":{"rendered":"<div data-elementor-type=\"wp-page\" data-elementor-id=\"236\" class=\"elementor elementor-236\" data-elementor-post-type=\"page\">\n\t\t\t\t\t\t<section class=\"elementor-section elementor-top-section elementor-element elementor-element-5770d17d elementor-section-boxed elementor-section-height-default elementor-section-height-default\" data-id=\"5770d17d\" data-element_type=\"section\" data-settings=\"{&quot;background_background&quot;:&quot;classic&quot;}\">\n\t\t\t\t\t\t\t<div class=\"elementor-background-overlay\"><\/div>\n\t\t\t\t\t\t\t<div class=\"elementor-container elementor-column-gap-default\">\n\t\t\t\t\t<div class=\"elementor-column elementor-col-100 elementor-top-column elementor-element elementor-element-10dfbf36\" data-id=\"10dfbf36\" data-element_type=\"column\">\n\t\t\t<div class=\"elementor-widget-wrap elementor-element-populated\">\n\t\t\t\t\t\t<section class=\"elementor-section elementor-inner-section elementor-element elementor-element-7c6025e4 elementor-section-boxed elementor-section-height-default elementor-section-height-default\" data-id=\"7c6025e4\" data-element_type=\"section\">\n\t\t\t\t\t\t<div class=\"elementor-container elementor-column-gap-default\">\n\t\t\t\t\t<div class=\"elementor-column elementor-col-100 elementor-inner-column elementor-element elementor-element-415ea0dd\" data-id=\"415ea0dd\" data-element_type=\"column\">\n\t\t\t<div class=\"elementor-widget-wrap elementor-element-populated\">\n\t\t\t\t\t\t<div class=\"elementor-element elementor-element-37c531ca animated-slow elementor-invisible elementor-widget elementor-widget-heading\" data-id=\"37c531ca\" data-element_type=\"widget\" data-settings=\"{&quot;_animation&quot;:&quot;fadeIn&quot;}\" data-widget_type=\"heading.default\">\n\t\t\t\t\t<h2 class=\"elementor-heading-title elementor-size-default\">Pol\u00edtica de privadesa<\/h2>\t\t\t\t<\/div>\n\t\t\t\t\t<\/div>\n\t\t<\/div>\n\t\t\t\t\t<\/div>\n\t\t<\/section>\n\t\t\t\t\t<\/div>\n\t\t<\/div>\n\t\t\t\t\t<\/div>\n\t\t<\/section>\n\t\t<div class=\"elementor-element elementor-element-a351432 e-flex e-con-boxed e-con e-parent\" data-id=\"a351432\" data-element_type=\"container\">\n\t\t\t\t\t<div class=\"e-con-inner\">\n\t\t\t\t<div class=\"elementor-element elementor-element-6448d93 elementor-widget elementor-widget-text-editor\" data-id=\"6448d93\" data-element_type=\"widget\" data-widget_type=\"text-editor.default\">\n\t\t\t\t\t\t\t\t\t<p>L&#039;acc\u00e9s a aquest Lloc Web pot implicar la utilitzaci\u00f3 de galetes. Les galetes s\u00f3n petites quantitats d&#039;informaci\u00f3 que s&#039;emmagatzemen al navegador utilitzat per cada Usuari -en els diferents dispositius que pugui utilitzar per navegar- perqu\u00e8 el servidor recordi certa informaci\u00f3 que posteriorment i \u00fanicament el servidor que la va implementar llegir\u00e0. Les galetes faciliten la navegaci\u00f3, la fan m\u00e9s amigable, i no fan malb\u00e9 el dispositiu de navegaci\u00f3.<\/p><p>Les cookies s\u00f3n procediments autom\u00e0tics de recollida d&#039;informaci\u00f3 relativa a les prefer\u00e8ncies determinades per l&#039;Usuari durant la visita al Lloc Web per tal de recon\u00e8ixer-lo com a Usuari, i personalitzar la seva experi\u00e8ncia i l&#039;\u00fas del Lloc Web, i poden tamb\u00e9, per exemple, ajudar a identificar i resoldre errors.<\/p><p>La informaci\u00f3 recollida a trav\u00e9s de les galetes pot incloure la data i hora de visites al Lloc Web, les p\u00e0gines visionades, el temps que ha estat al Lloc Web i els llocs visitats just abans i despr\u00e9s. Tot i aix\u00f2, cap galeta permet que aquesta mateixa pugui contactar amb el n\u00famero de tel\u00e8fon de l&#039;Usuari o amb qualsevol altre mitj\u00e0 de contacte personal. Cap galeta no pot extreure informaci\u00f3 del disc dur de l&#039;Usuari o robar informaci\u00f3 personal. L&#039;\u00fanica manera que la informaci\u00f3 privada de l&#039;Usuari formi part del fitxer Cookie \u00e9s que l&#039;usuari doni personalment aquesta informaci\u00f3 al servidor.<\/p><p>Les galetes que permeten identificar una persona es consideren dades personals. Per tant, a les mateixes els ser\u00e0 aplicable la Pol\u00edtica de Privadesa anteriorment descrita. En aquest sentit, per utilitzar-les ser\u00e0 necessari el consentiment de l&#039;Usuari. Aquest consentiment ser\u00e0 comunicat, en base a una elecci\u00f3 aut\u00e8ntica, ofert mitjan\u00e7ant una decisi\u00f3 afirmativa i positiva, abans del tractament inicial, removible i documentat.<\/p><h2>Tipus de cookies<\/h2><p>A continuaci\u00f3, es detallen els tipus de cookies que es poden utilitzar en aquest Lloc Web:<\/p><h2>Galetes t\u00e8cniques<\/h2><p>S\u00f3n aquelles que permeten a l&#039;Usuari la navegaci\u00f3 a trav\u00e9s del Lloc Web i la utilitzaci\u00f3 de les diferents opcions o serveis que hi ha, com ara controlar el tr\u00e0nsit i la comunicaci\u00f3 de dades, identificar la sessi\u00f3, accedir a parts d&#039;acc\u00e9s restringit, utilitzar elements de seguretat durant la navegaci\u00f3 o emmagatzemar continguts per a la difusi\u00f3 de v\u00eddeos o so.<\/p><h2>Cookies de personalitzaci\u00f3<\/h2><p>S\u00f3n aquelles que permeten a l&#039;Usuari accedir al servei amb algunes caracter\u00edstiques de car\u00e0cter general predefinides en funci\u00f3 d&#039;una s\u00e8rie de criteris al terminal de l&#039;Usuari, com ara l&#039;idioma, el tipus de navegador a trav\u00e9s del qual accedeix al servei, la configuraci\u00f3 regional des d&#039;on accedeix al servei, etc.<\/p><h2>Galetes d&#039;an\u00e0lisi<\/h2><p>S\u00f3n aquelles que, ben tractades per nosaltres o per tercers, ens permeten quantificar el nombre d&#039;usuaris i aix\u00ed realitzar el mesurament i l&#039;an\u00e0lisi estad\u00edstica de la utilitzaci\u00f3 que fan els usuaris del servei ofert. Per aix\u00f2 s&#039;analitza la vostra navegaci\u00f3 a la nostra p\u00e0gina web per tal de millorar l&#039;oferta de productes o serveis que us oferim.<\/p><h2>Galetes publicit\u00e0ries<\/h2><p>S\u00f3n aquelles que, ben tractades per nosaltres o per tercers, ens permeten gestionar de la manera m\u00e9s efica\u00e7 possible l&#039;oferta dels espais publicitaris que hi ha a la p\u00e0gina web, adequant el contingut de l&#039;anunci al contingut del servei sol\u00b7licitat oa l&#039;\u00fas que faci de la nostra p\u00e0gina web. Per aix\u00f2 podem analitzar els seus h\u00e0bits de navegaci\u00f3 a Internet i podem mostrar publicitat relacionada amb el seu perfil de navegaci\u00f3.<\/p><h2>Cookies pr\u00f2pies<\/h2><p>S\u00f3n aquelles galetes que s\u00f3n enviades a l&#039;ordinador o dispositiu de l&#039;Usuari i gestionades exclusivament per DecoCarpi per al millor funcionament del Lloc Web. La informaci\u00f3 que es recull s&#039;empra per millorar la qualitat del Lloc Web i el seu Contingut i la seva experi\u00e8ncia com a Usuari. Aquestes cookies permeten recon\u00e8ixer l&#039;Usuari com a visitant recurrent del Lloc Web i adaptar el contingut per oferir continguts que s&#039;ajustin a les seves prefer\u00e8ncies.<\/p><h2>Galetes de tercers<\/h2><p>S\u00f3n aquelles galetes que s\u00f3n enviades a l&#039;ordinador o dispositiu de l&#039;Usuari des d&#039;un equip o domini que no \u00e9s gestionat per DecoCarpi, sin\u00f3 per una altra entitat que tracta les dades obtingudes a trav\u00e9s de les galetes.<\/p><p>En cas que les cookies siguin instal\u00b7lades des d&#039;un equip o domini gestionat per un tercer per\u00f2 la informaci\u00f3 que es reculli mitjan\u00e7ant aquestes sigui gestionada per DecoCarpi, no es consideraran com a cookies de tercers.<\/p><h2>Cookies utilitzades en aquest Lloc Web<\/h2><p>A continuaci\u00f3, s&#039;identifiquen les galetes que estan sent utilitzades en aquest portal aix\u00ed com la seva tipologia i funci\u00f3:<\/p><table width=\"100%\"><tbody><tr><td width=\"133\"><p><strong>Cookie<\/strong><\/p><\/td><td width=\"133\"><p><strong>Tipus<\/strong><\/p><\/td><td width=\"167\"><p><strong>Finalitat<\/strong><\/p><\/td><td width=\"167\"><p><strong>Durada<\/strong><\/p><\/td><\/tr><tr><td width=\"133\"><p>_ga<\/p><\/td><td width=\"133\"><p>An\u00e0lisi (Google Analytics)<\/p><\/td><td width=\"167\"><p>Distingir usuaris \u00fanics<\/p><\/td><td width=\"167\"><p>2 anys<\/p><\/td><\/tr><tr><td width=\"133\"><p>_gid<\/p><\/td><td width=\"133\"><p>An\u00e0lisi (Google Analytics)<\/p><\/td><td width=\"167\"><p>Distingir usuaris<\/p><\/td><td width=\"167\"><p>24 hores<\/p><\/td><\/tr><tr><td width=\"133\"><p>cookielawinfo-checkbox-*<\/p><\/td><td width=\"133\"><p>T\u00e8cnica<\/p><\/td><td width=\"167\"><p>Emmagatzema el consentiment de cookies<\/p><\/td><td width=\"167\"><p>1 any<\/p><\/td><\/tr><tr><td width=\"133\"><p>wordpress_*<\/p><\/td><td width=\"133\"><p>T\u00e8cnica<\/p><\/td><td width=\"167\"><p>Gesti\u00f3 de sessi\u00f3 de WordPress<\/p><\/td><td width=\"167\"><p>Sessi\u00f3<\/p><\/td><\/tr><\/tbody><\/table><p>\u00a0<\/p><h2>Deshabilitar, rebutjar i eliminar cookies<\/h2><p>L&#039;Usuari pot deshabilitar, rebutjar i eliminar les cookies \u2014totalment o parcialment\u2014 instal\u00b7lades al dispositiu mitjan\u00e7ant la configuraci\u00f3 del vostre navegador (entre els quals es troben, per exemple, Chrome, Firefox, Safari, Explorer). En aquest sentit, els procediments per rebutjar i eliminar les galetes poden diferir d&#039;un navegador d&#039;Internet a un altre. En conseq\u00fc\u00e8ncia, l&#039;Usuari ha d&#039;acudir a les instruccions facilitades pel navegador d&#039;Internet mateix que utilitzi. En cas que rebutgi l&#039;\u00fas de cookies \u2014totalment o parcialment\u2014 podr\u00e0 continuar usant el Lloc Web, si b\u00e9 podr\u00e0 tenir limitada la utilitzaci\u00f3 d&#039;algunes de les prestacions del mateix.<\/p><p>A continuaci\u00f3, us facilitem els enlla\u00e7os per a la gesti\u00f3 i bloqueig de cookies als principals navegadors:<\/p><ul><li><strong> Google Chrome: <\/strong>chrome:\/\/settings\/cookies<\/li><li><strong> Mozilla Firefox: <\/strong>about:preferences#privacy<\/li><li><strong> Safari: <\/strong>Prefer\u00e8ncies &gt; Privadesa<\/li><li><strong> Microsoft Edge: <\/strong>edge:\/\/settings\/privacy<\/li><li><strong> Opera: <\/strong>opera:\/\/settings\/cookies<\/li><\/ul><h2>Canvis a la Pol\u00edtica de Cookies<\/h2><p>\u00c9s possible que la Pol\u00edtica de galetes del lloc web canvi\u00ef o s&#039;actualitzi. Per aix\u00f2, \u00e9s recomanable que l&#039;Usuari revisi aquesta pol\u00edtica cada cop que accedeixi al Lloc Web amb l&#039;objectiu d&#039;estar adequadament informat sobre com i per a qu\u00e8 fem servir les galetes.<\/p><h2>Contacte<\/h2><p>Si teniu dubtes sobre aquesta Pol\u00edtica de Cookies, podeu contactar amb nosaltres:<\/p><p><strong>Responsable: <\/strong>JORDI DOMINGUEZ MARTIN<\/p><p><strong>NIF: <\/strong>46065211Y<\/p><p><strong>Email: <\/strong>carpijordi@gmail.com<\/p><p><strong>Tel\u00e8fon: <\/strong>605 14 66 84<\/p><p><em>Darrera actualitzaci\u00f3: Gener 2026<\/em><\/p>\t\t\t\t\t\t\t\t<\/div>\n\t\t\t\t\t<\/div>\n\t\t\t\t<\/div>\n\t\t\t\t<\/div>","protected":false},"excerpt":{"rendered":"<p>Pol\u00edtica de privadesa L&#039;acc\u00e9s a aquest Lloc Web pot implicar la utilitzaci\u00f3 de cookies. Les cookies s\u00f3n petites quantitats d&#039;informaci\u00f3 que s&#039;emmagatzemen al navegador utilitzat per cada Usuari -en els diferents dispositius que pugui utilitzar per navegar- perqu\u00e8 el servidor recordi certa informaci\u00f3 que posteriorment i \u00fanicament el servidor que [\u2026]<\/p>","protected":false},"author":2,"featured_media":0,"parent":0,"menu_order":0,"comment_status":"closed","ping_status":"closed","template":"","meta":{"footnotes":""},"class_list":["post-236","page","type-page","status-publish","hentry"],"_links":{"self":[{"href":"https:\/\/decocarpi.com\/ca\/wp-json\/wp\/v2\/pages\/236","targetHints":{"allow":["GET"]}}],"collection":[{"href":"https:\/\/decocarpi.com\/ca\/wp-json\/wp\/v2\/pages"}],"about":[{"href":"https:\/\/decocarpi.com\/ca\/wp-json\/wp\/v2\/types\/page"}],"author":[{"embeddable":true,"href":"https:\/\/decocarpi.com\/ca\/wp-json\/wp\/v2\/users\/2"}],"replies":[{"embeddable":true,"href":"https:\/\/decocarpi.com\/ca\/wp-json\/wp\/v2\/comments?post=236"}],"version-history":[{"count":4,"href":"https:\/\/decocarpi.com\/ca\/wp-json\/wp\/v2\/pages\/236\/revisions"}],"predecessor-version":[{"id":240,"href":"https:\/\/decocarpi.com\/ca\/wp-json\/wp\/v2\/pages\/236\/revisions\/240"}],"wp:attachment":[{"href":"https:\/\/decocarpi.com\/ca\/wp-json\/wp\/v2\/media?parent=236"}],"curies":[{"name":"wp","href":"https:\/\/api.w.org\/{rel}","templated":true}]}}